{"id":646,"date":"2023-08-18T18:21:27","date_gmt":"2023-08-18T10:21:27","guid":{"rendered":"http:\/\/toowin-wpc.com\/?page_id=646"},"modified":"2025-06-20T11:26:34","modified_gmt":"2025-06-20T03:26:34","slug":"brand","status":"publish","type":"page","link":"https:\/\/www.toowin-wpc.com\/es\/marca\/","title":{"rendered":"Marca"},"content":{"rendered":"<p style=\"font-size:18px\"><strong>Nuevo material de Toowin<\/strong> es una empresa de alta tecnolog\u00eda, especializada en el suministro de cubiertas, cercas, rieles, paneles de pared, baldosas para cubiertas, bancos\/sillas de jard\u00edn, p\u00e9rgolas y otros productos paisaj\u00edsticos compuestos de madera y pl\u00e1stico para exteriores (abreviadamente WPC), que tiene una empresa subsidiaria llamada Junatechwood, que es principal para productos de interior.<\/p>\n\n\n\n<p style=\"font-size:18px\">A lo largo de los a\u00f1os, a trav\u00e9s de la acumulaci\u00f3n continua de experiencia y la cooperaci\u00f3n con instituciones de investigaci\u00f3n superior relevantes, ha formado su propia tecnolog\u00eda central y ya ha desarrollado una serie relativamente completa de productos compuestos de WPC y tiene su propia marca.<\/p>\n\n\n\n<figure class=\"wp-block-image size-large is-resized\"><img loading=\"lazy\" decoding=\"async\" width=\"1024\" height=\"215\" src=\"https:\/\/ljcloudglobal.oss-cn-hongkong.aliyuncs.com\/wp-content\/uploads\/tuwei\/2025\/06\/1\u526f\u672c-1024x215.jpg\" alt=\"fabricante en venta\" class=\"wp-image-2724\" style=\"width:500px;height:undefinedpx\" srcset=\"https:\/\/ljcloudglobal.oss-cn-hongkong.aliyuncs.com\/wp-content\/uploads\/tuweiys\/2025\/06\/1\u526f\u672c-1024x215.jpg 1024w, https:\/\/ljcloudglobal.oss-cn-hongkong.aliyuncs.com\/wp-content\/uploads\/tuweiys\/2025\/06\/1\u526f\u672c-300x63.jpg 300w, https:\/\/ljcloudglobal.oss-cn-hongkong.aliyuncs.com\/wp-content\/uploads\/tuweiys\/2025\/06\/1\u526f\u672c-768x161.jpg 768w, https:\/\/ljcloudglobal.oss-cn-hongkong.aliyuncs.com\/wp-content\/uploads\/tuweiys\/2025\/06\/1\u526f\u672c-1536x322.jpg 1536w, https:\/\/ljcloudglobal.oss-cn-hongkong.aliyuncs.com\/wp-content\/uploads\/tuweiys\/2025\/06\/1\u526f\u672c-18x4.jpg 18w, https:\/\/ljcloudglobal.oss-cn-hongkong.aliyuncs.com\/wp-content\/uploads\/tuweiys\/2025\/06\/1\u526f\u672c.jpg 1751w\" sizes=\"auto, (max-width: 1024px) 100vw, 1024px\" \/><\/figure>\n\n\n\n<p style=\"font-size:18px\"><strong>Toowin\u2122 Cl\u00e1sico <\/strong>clasifica todos los WPC tradicionales o los llamamos WPC de primera generaci\u00f3n, que son los primeros productos WPC que hacemos en China desde finales del siglo XX, cuya f\u00f3rmula son fibras de madera 55%, polietileno de alta densidad 30% y aditivos qu\u00edmicos 15%, que parecen madera, pero mejor que la madera, por lo que es bien recibido por todo el mercado.<\/p>\n\n\n\n<figure class=\"wp-block-image size-large is-resized\"><img loading=\"lazy\" decoding=\"async\" width=\"1024\" height=\"222\" src=\"https:\/\/ljcloudglobal.oss-cn-hongkong.aliyuncs.com\/wp-content\/uploads\/tuwei\/2025\/06\/4\u526f\u672c-1024x222.jpg\" alt=\"fabricante en venta\" class=\"wp-image-2725\" style=\"width:500px;height:undefinedpx\" srcset=\"https:\/\/ljcloudglobal.oss-cn-hongkong.aliyuncs.com\/wp-content\/uploads\/tuweiys\/2025\/06\/4\u526f\u672c-1024x222.jpg 1024w, https:\/\/ljcloudglobal.oss-cn-hongkong.aliyuncs.com\/wp-content\/uploads\/tuweiys\/2025\/06\/4\u526f\u672c-300x65.jpg 300w, https:\/\/ljcloudglobal.oss-cn-hongkong.aliyuncs.com\/wp-content\/uploads\/tuweiys\/2025\/06\/4\u526f\u672c-768x166.jpg 768w, https:\/\/ljcloudglobal.oss-cn-hongkong.aliyuncs.com\/wp-content\/uploads\/tuweiys\/2025\/06\/4\u526f\u672c-1536x333.jpg 1536w, https:\/\/ljcloudglobal.oss-cn-hongkong.aliyuncs.com\/wp-content\/uploads\/tuweiys\/2025\/06\/4\u526f\u672c-18x4.jpg 18w, https:\/\/ljcloudglobal.oss-cn-hongkong.aliyuncs.com\/wp-content\/uploads\/tuweiys\/2025\/06\/4\u526f\u672c.jpg 1763w\" sizes=\"auto, (max-width: 1024px) 100vw, 1024px\" \/><\/figure>\n\n\n\n<p style=\"font-size:18px\"><strong>Toowin\u2122 \u00danico<\/strong> Clasifica todos los WPC con veta de madera 3D, que pertenecen a la primera generaci\u00f3n. Gracias a las mejoras t\u00e9cnicas de producci\u00f3n, la veta de la madera se graba profundamente en 3D, lo que aumenta la textura de la madera y cambia las caracter\u00edsticas de la veta de madera 2D, que antes desaparec\u00eda con facilidad. Adem\u00e1s, mejora la dureza superficial del producto y su rendimiento antideslizante.<\/p>\n\n\n\n<figure class=\"wp-block-image size-large is-resized\"><img loading=\"lazy\" decoding=\"async\" width=\"1024\" height=\"229\" src=\"https:\/\/ljcloudglobal.oss-cn-hongkong.aliyuncs.com\/wp-content\/uploads\/tuwei\/2025\/06\/2\u526f\u672c-1024x229.jpg\" alt=\"fabricante en venta\" class=\"wp-image-2726\" style=\"width:500px;height:undefinedpx\" srcset=\"https:\/\/ljcloudglobal.oss-cn-hongkong.aliyuncs.com\/wp-content\/uploads\/tuweiys\/2025\/06\/2\u526f\u672c-1024x229.jpg 1024w, https:\/\/ljcloudglobal.oss-cn-hongkong.aliyuncs.com\/wp-content\/uploads\/tuweiys\/2025\/06\/2\u526f\u672c-300x67.jpg 300w, https:\/\/ljcloudglobal.oss-cn-hongkong.aliyuncs.com\/wp-content\/uploads\/tuweiys\/2025\/06\/2\u526f\u672c-768x172.jpg 768w, https:\/\/ljcloudglobal.oss-cn-hongkong.aliyuncs.com\/wp-content\/uploads\/tuweiys\/2025\/06\/2\u526f\u672c-1536x343.jpg 1536w, https:\/\/ljcloudglobal.oss-cn-hongkong.aliyuncs.com\/wp-content\/uploads\/tuweiys\/2025\/06\/2\u526f\u672c-18x4.jpg 18w, https:\/\/ljcloudglobal.oss-cn-hongkong.aliyuncs.com\/wp-content\/uploads\/tuweiys\/2025\/06\/2\u526f\u672c.jpg 1732w\" sizes=\"auto, (max-width: 1024px) 100vw, 1024px\" \/><\/figure>\n\n\n\n<p style=\"font-size:18px\"><strong>Toowin\u2122 Premium<\/strong> clasifica todos los WPC coextruidos de PE o los llamamos WPC de segunda generaci\u00f3n, cuya tecnolog\u00eda es de Am\u00e9rica del Norte. La caracter\u00edstica t\u00e9cnica principal es que hay una capa protectora en las superficies que es polietileno modificado 100%, la capa protectora hace que el WPC tenga un rendimiento incomparable y una est\u00e9tica duradera, especialmente en t\u00e9rminos de protecci\u00f3n UV, resistencia al desgaste, prolongaci\u00f3n de la vida \u00fatil\u2026<\/p>\n\n\n\n<figure class=\"wp-block-image size-large is-resized\"><img loading=\"lazy\" decoding=\"async\" width=\"1024\" height=\"219\" src=\"https:\/\/ljcloudglobal.oss-cn-hongkong.aliyuncs.com\/wp-content\/uploads\/tuwei\/2025\/06\/3\u526f\u672c-1024x219.jpg\" alt=\"fabricante en venta\" class=\"wp-image-2727\" style=\"width:500px;height:undefinedpx\" srcset=\"https:\/\/ljcloudglobal.oss-cn-hongkong.aliyuncs.com\/wp-content\/uploads\/tuweiys\/2025\/06\/3\u526f\u672c-1024x219.jpg 1024w, https:\/\/ljcloudglobal.oss-cn-hongkong.aliyuncs.com\/wp-content\/uploads\/tuweiys\/2025\/06\/3\u526f\u672c-300x64.jpg 300w, https:\/\/ljcloudglobal.oss-cn-hongkong.aliyuncs.com\/wp-content\/uploads\/tuweiys\/2025\/06\/3\u526f\u672c-768x164.jpg 768w, https:\/\/ljcloudglobal.oss-cn-hongkong.aliyuncs.com\/wp-content\/uploads\/tuweiys\/2025\/06\/3\u526f\u672c-1536x328.jpg 1536w, https:\/\/ljcloudglobal.oss-cn-hongkong.aliyuncs.com\/wp-content\/uploads\/tuweiys\/2025\/06\/3\u526f\u672c-18x4.jpg 18w, https:\/\/ljcloudglobal.oss-cn-hongkong.aliyuncs.com\/wp-content\/uploads\/tuweiys\/2025\/06\/3\u526f\u672c.jpg 1736w\" sizes=\"auto, (max-width: 1024px) 100vw, 1024px\" \/><\/figure>\n\n\n\n<p style=\"font-size:18px\"><strong>Toowin\u2122 <\/strong>Luxury clasifica todos los WPC coextruidos con ASA, una nueva tecnolog\u00eda con t\u00e9cnica de espumado. Consta de dos capas, al igual que el WPC coextruido con PE, pero la capa protectora es de ASA (copol\u00edmero de acrilonitrilo estireno acrilato). El ASA ofrece mayor resistencia a la intemperie, a los rayos UV, a altas y bajas temperaturas, a la corrosi\u00f3n y a los productos qu\u00edmicos, adem\u00e1s de ser antiest\u00e1tico. Adem\u00e1s, posee mejores propiedades mec\u00e1nicas y f\u00edsicas que el PE. Gracias a sus mejoras t\u00e9cnicas, este material se utiliza en los WPC para ofrecer un producto de mayor calidad. El n\u00facleo est\u00e1 compuesto por PVC, fibras de bamb\u00fa y otros aditivos qu\u00edmicos, y utiliza tecnolog\u00eda de espumado para modificar el peso de los paneles de WPC. Por lo tanto, podemos afirmar que es una aut\u00e9ntica innovaci\u00f3n en el sector del WPC y que sin duda se convertir\u00e1 en el producto estrella del mercado.<\/p>\n\n\n\n<figure class=\"wp-block-image size-large is-resized\"><img loading=\"lazy\" decoding=\"async\" width=\"1024\" height=\"216\" src=\"https:\/\/ljcloudglobal.oss-cn-hongkong.aliyuncs.com\/wp-content\/uploads\/tuwei\/2025\/06\/5\u526f\u672c-1024x216.jpg\" alt=\"fabricante en venta\" class=\"wp-image-2728\" style=\"width:500px;height:undefinedpx\" srcset=\"https:\/\/ljcloudglobal.oss-cn-hongkong.aliyuncs.com\/wp-content\/uploads\/tuweiys\/2025\/06\/5\u526f\u672c-1024x216.jpg 1024w, https:\/\/ljcloudglobal.oss-cn-hongkong.aliyuncs.com\/wp-content\/uploads\/tuweiys\/2025\/06\/5\u526f\u672c-300x63.jpg 300w, https:\/\/ljcloudglobal.oss-cn-hongkong.aliyuncs.com\/wp-content\/uploads\/tuweiys\/2025\/06\/5\u526f\u672c-768x162.jpg 768w, https:\/\/ljcloudglobal.oss-cn-hongkong.aliyuncs.com\/wp-content\/uploads\/tuweiys\/2025\/06\/5\u526f\u672c-1536x324.jpg 1536w, https:\/\/ljcloudglobal.oss-cn-hongkong.aliyuncs.com\/wp-content\/uploads\/tuweiys\/2025\/06\/5\u526f\u672c-18x4.jpg 18w, https:\/\/ljcloudglobal.oss-cn-hongkong.aliyuncs.com\/wp-content\/uploads\/tuweiys\/2025\/06\/5\u526f\u672c.jpg 1742w\" sizes=\"auto, (max-width: 1024px) 100vw, 1024px\" \/><\/figure>\n\n\n\n<p style=\"font-size:18px\"><strong>Tapa de aluminio Toowin\u2122<\/strong> Clasifica todos los productos compuestos de WPC de aluminio. Tras un largo desarrollo, avances tecnol\u00f3gicos y la mejora continua de la calidad, los productos de WPC se han convertido en sustitutos de muchos materiales y son m\u00e1s respetuosos con el medio ambiente. Sin embargo, el WPC presenta la desventaja de no poder utilizarse como estructura principal, principalmente porque materiales como el polvo de madera se aglutinan y moldean a trav\u00e9s del pl\u00e1stico, por lo que no tiene la misma capacidad de pesaje que los materiales naturales. Por ello, tras una continua investigaci\u00f3n por parte del equipo de I+D, finalmente combinamos el material de WPC con productos de aluminio, que no solo conservan la textura de madera de los materiales originales de WPC, sino que tambi\u00e9n incorporan una estructura de pesaje met\u00e1lica. Sin duda, es una innovaci\u00f3n inteligente.<\/p>\n\n\n\n<figure class=\"wp-block-image size-large is-resized\"><img loading=\"lazy\" decoding=\"async\" width=\"1024\" height=\"226\" src=\"https:\/\/ljcloudglobal.oss-cn-hongkong.aliyuncs.com\/wp-content\/uploads\/tuwei\/2025\/06\/QQ22-1024x226.jpg\" alt=\"fabricante en venta\" class=\"wp-image-2729\" style=\"width:500px;height:undefinedpx\" srcset=\"https:\/\/ljcloudglobal.oss-cn-hongkong.aliyuncs.com\/wp-content\/uploads\/tuweiys\/2025\/06\/QQ22-1024x226.jpg 1024w, https:\/\/ljcloudglobal.oss-cn-hongkong.aliyuncs.com\/wp-content\/uploads\/tuweiys\/2025\/06\/QQ22-300x66.jpg 300w, https:\/\/ljcloudglobal.oss-cn-hongkong.aliyuncs.com\/wp-content\/uploads\/tuweiys\/2025\/06\/QQ22-768x169.jpg 768w, https:\/\/ljcloudglobal.oss-cn-hongkong.aliyuncs.com\/wp-content\/uploads\/tuweiys\/2025\/06\/QQ22-1536x339.jpg 1536w, https:\/\/ljcloudglobal.oss-cn-hongkong.aliyuncs.com\/wp-content\/uploads\/tuweiys\/2025\/06\/QQ22-18x4.jpg 18w, https:\/\/ljcloudglobal.oss-cn-hongkong.aliyuncs.com\/wp-content\/uploads\/tuweiys\/2025\/06\/QQ22.jpg 1745w\" sizes=\"auto, (max-width: 1024px) 100vw, 1024px\" \/><\/figure>\n\n\n\n<p style=\"font-size:18px\"><strong>Toowin\u2122 Pro<\/strong> TOOWIN clasifica todos los productos promocionales. El objetivo principal es ayudar a clientes espec\u00edficos o satisfacer las necesidades de mercados espec\u00edficos. Seleccionamos algunos productos mediante la colaboraci\u00f3n entre el departamento t\u00e9cnico y el departamento de compras de la empresa para realizar la promoci\u00f3n. Estos productos pueden verse afectados por el mercado, el tipo de cambio, las materias primas, la cantidad de suministro, las diferentes temporadas, etc. Por favor, consulte la informaci\u00f3n de la empresa o contacte con el gerente de ventas para obtener m\u00e1s informaci\u00f3n.<\/p>\n\n\n\n<p style=\"font-size:18px\"><\/p>\n\n\n\n<p style=\"font-size:18px\">En una palabra, clasificamos todas las diferentes marcas para hacer la compra m\u00e1s clara y sencilla, y le mostramos que tenemos diferentes gamas de productos de WPC Compoiste, creemos que hay uno de nuestros productos que se adapta a sus solicitudes. <\/p>\n\n\n\n<p><\/p>","protected":false},"excerpt":{"rendered":"<p>Toowin New Material es una empresa de alta tecnolog\u00eda especializada en el suministro de compuestos de madera y pl\u00e1stico (WPC) para exteriores, como terrazas, cercas, barandillas, paneles de pared, baldosas para terrazas, bancos y sillas de jard\u00edn, p\u00e9rgolas y otros productos de paisajismo. Cuenta con una filial llamada Junatechwood, especializada en productos para interiores. A lo largo de los a\u00f1os, gracias a la continua experiencia adquirida y a la colaboraci\u00f3n con [\u2026]<\/p>","protected":false},"author":1,"featured_media":1587,"parent":0,"menu_order":0,"comment_status":"closed","ping_status":"closed","template":"page\/brand.php","meta":{"footnotes":""},"class_list":["post-646","page","type-page","status-publish","has-post-thumbnail","hentry"],"_links":{"self":[{"href":"https:\/\/www.toowin-wpc.com\/es\/wp-json\/wp\/v2\/pages\/646","targetHints":{"allow":["GET"]}}],"collection":[{"href":"https:\/\/www.toowin-wpc.com\/es\/wp-json\/wp\/v2\/pages"}],"about":[{"href":"https:\/\/www.toowin-wpc.com\/es\/wp-json\/wp\/v2\/types\/page"}],"author":[{"embeddable":true,"href":"https:\/\/www.toowin-wpc.com\/es\/wp-json\/wp\/v2\/users\/1"}],"replies":[{"embeddable":true,"href":"https:\/\/www.toowin-wpc.com\/es\/wp-json\/wp\/v2\/comments?post=646"}],"version-history":[{"count":33,"href":"https:\/\/www.toowin-wpc.com\/es\/wp-json\/wp\/v2\/pages\/646\/revisions"}],"predecessor-version":[{"id":2997,"href":"https:\/\/www.toowin-wpc.com\/es\/wp-json\/wp\/v2\/pages\/646\/revisions\/2997"}],"wp:featuredmedia":[{"embeddable":true,"href":"https:\/\/www.toowin-wpc.com\/es\/wp-json\/wp\/v2\/media\/1587"}],"wp:attachment":[{"href":"https:\/\/www.toowin-wpc.com\/es\/wp-json\/wp\/v2\/media?parent=646"}],"curies":[{"name":"gracias","href":"https:\/\/api.w.org\/{rel}","templated":true}]}}