{"id":646,"date":"2023-08-18T18:21:27","date_gmt":"2023-08-18T10:21:27","guid":{"rendered":"http:\/\/toowin-wpc.com\/?page_id=646"},"modified":"2025-06-20T11:26:34","modified_gmt":"2025-06-20T03:26:34","slug":"brand","status":"publish","type":"page","link":"https:\/\/www.toowin-wpc.com\/fr\/marque\/","title":{"rendered":"Marque"},"content":{"rendered":"<p style=\"font-size:18px\"><strong>Nouveau mat\u00e9riel Toowin<\/strong> est une entreprise de haute technologie, sp\u00e9cialis\u00e9e dans la fourniture de terrasses, cl\u00f4tures, rails, panneaux muraux, dalles de terrasse, bancs\/chaises de jardin, pergolas et autres produits d&#039;am\u00e9nagement paysager en composite bois-plastique d&#039;ext\u00e9rieur (appel\u00e9 bri\u00e8vement WPC), qui poss\u00e8de une filiale nomm\u00e9e Junatechwood, qui est principalement destin\u00e9e aux produits d&#039;int\u00e9rieur.<\/p>\n\n\n\n<p style=\"font-size:18px\">Au fil des ann\u00e9es, gr\u00e2ce \u00e0 l&#039;accumulation continue d&#039;exp\u00e9rience et \u00e0 la coop\u00e9ration avec les institutions de recherche sup\u00e9rieures concern\u00e9es, elle a form\u00e9 sa propre technologie de base et a d\u00e9j\u00e0 d\u00e9velopp\u00e9 une s\u00e9rie relativement compl\u00e8te de produits composites WPC et poss\u00e8de sa propre marque.<\/p>\n\n\n\n<figure class=\"wp-block-image size-large is-resized\"><img loading=\"lazy\" decoding=\"async\" width=\"1024\" height=\"215\" src=\"https:\/\/ljcloudglobal.oss-cn-hongkong.aliyuncs.com\/wp-content\/uploads\/tuwei\/2025\/06\/1\u526f\u672c-1024x215.jpg\" alt=\"fabricant \u00e0 vendre\" class=\"wp-image-2724\" style=\"width:500px;height:undefinedpx\" srcset=\"https:\/\/ljcloudglobal.oss-cn-hongkong.aliyuncs.com\/wp-content\/uploads\/tuwei\/2025\/06\/1\u526f\u672c-1024x215.jpg 1024w, https:\/\/ljcloudglobal.oss-cn-hongkong.aliyuncs.com\/wp-content\/uploads\/tuwei\/2025\/06\/1\u526f\u672c-300x63.jpg 300w, https:\/\/ljcloudglobal.oss-cn-hongkong.aliyuncs.com\/wp-content\/uploads\/tuwei\/2025\/06\/1\u526f\u672c-768x161.jpg 768w, https:\/\/ljcloudglobal.oss-cn-hongkong.aliyuncs.com\/wp-content\/uploads\/tuwei\/2025\/06\/1\u526f\u672c-1536x322.jpg 1536w, https:\/\/ljcloudglobal.oss-cn-hongkong.aliyuncs.com\/wp-content\/uploads\/tuwei\/2025\/06\/1\u526f\u672c-18x4.jpg 18w, https:\/\/ljcloudglobal.oss-cn-hongkong.aliyuncs.com\/wp-content\/uploads\/tuwei\/2025\/06\/1\u526f\u672c.jpg 1751w\" sizes=\"auto, (max-width: 1024px) 100vw, 1024px\" \/><\/figure>\n\n\n\n<p style=\"font-size:18px\"><strong>Toowin\u2122 Classique <\/strong>classe tous les WPC traditionnels ou nous avons appel\u00e9 la premi\u00e8re g\u00e9n\u00e9ration de WPC, qui sont les premiers produits WPC que nous fabriquons en Chine \u00e0 partir de la fin du 20e si\u00e8cle, dont la formule est compos\u00e9e de fibres de bois 55%, de poly\u00e9thyl\u00e8ne haute densit\u00e9 30% et d&#039;additifs chimiques 15%, qui ressemblent au bois, mais mieux que le bois, il est donc bien accueilli par tout le march\u00e9.<\/p>\n\n\n\n<figure class=\"wp-block-image size-large is-resized\"><img loading=\"lazy\" decoding=\"async\" width=\"1024\" height=\"222\" src=\"https:\/\/ljcloudglobal.oss-cn-hongkong.aliyuncs.com\/wp-content\/uploads\/tuwei\/2025\/06\/4\u526f\u672c-1024x222.jpg\" alt=\"fabricant \u00e0 vendre\" class=\"wp-image-2725\" style=\"width:500px;height:undefinedpx\" srcset=\"https:\/\/ljcloudglobal.oss-cn-hongkong.aliyuncs.com\/wp-content\/uploads\/tuwei\/2025\/06\/4\u526f\u672c-1024x222.jpg 1024w, https:\/\/ljcloudglobal.oss-cn-hongkong.aliyuncs.com\/wp-content\/uploads\/tuwei\/2025\/06\/4\u526f\u672c-300x65.jpg 300w, https:\/\/ljcloudglobal.oss-cn-hongkong.aliyuncs.com\/wp-content\/uploads\/tuwei\/2025\/06\/4\u526f\u672c-768x166.jpg 768w, https:\/\/ljcloudglobal.oss-cn-hongkong.aliyuncs.com\/wp-content\/uploads\/tuwei\/2025\/06\/4\u526f\u672c-1536x333.jpg 1536w, https:\/\/ljcloudglobal.oss-cn-hongkong.aliyuncs.com\/wp-content\/uploads\/tuwei\/2025\/06\/4\u526f\u672c-18x4.jpg 18w, https:\/\/ljcloudglobal.oss-cn-hongkong.aliyuncs.com\/wp-content\/uploads\/tuwei\/2025\/06\/4\u526f\u672c.jpg 1763w\" sizes=\"auto, (max-width: 1024px) 100vw, 1024px\" \/><\/figure>\n\n\n\n<p style=\"font-size:18px\"><strong>Toowin\u2122 Unique<\/strong> Ce produit classe tous les panneaux composites bois-plastique \u00e0 grain 3D, qui appartiennent encore \u00e0 la premi\u00e8re g\u00e9n\u00e9ration. Gr\u00e2ce aux am\u00e9liorations techniques de production, le grain du bois est grav\u00e9 en profondeur pour obtenir un grain 3D, ce qui renforce le grain du bois et modifie les caract\u00e9ristiques du grain 2D, autrefois facilement disparaissant, tout en am\u00e9liorant la duret\u00e9 de surface et les propri\u00e9t\u00e9s antid\u00e9rapantes du produit.<\/p>\n\n\n\n<figure class=\"wp-block-image size-large is-resized\"><img loading=\"lazy\" decoding=\"async\" width=\"1024\" height=\"229\" src=\"https:\/\/ljcloudglobal.oss-cn-hongkong.aliyuncs.com\/wp-content\/uploads\/tuwei\/2025\/06\/2\u526f\u672c-1024x229.jpg\" alt=\"fabricant \u00e0 vendre\" class=\"wp-image-2726\" style=\"width:500px;height:undefinedpx\" srcset=\"https:\/\/ljcloudglobal.oss-cn-hongkong.aliyuncs.com\/wp-content\/uploads\/tuwei\/2025\/06\/2\u526f\u672c-1024x229.jpg 1024w, https:\/\/ljcloudglobal.oss-cn-hongkong.aliyuncs.com\/wp-content\/uploads\/tuwei\/2025\/06\/2\u526f\u672c-300x67.jpg 300w, https:\/\/ljcloudglobal.oss-cn-hongkong.aliyuncs.com\/wp-content\/uploads\/tuwei\/2025\/06\/2\u526f\u672c-768x172.jpg 768w, https:\/\/ljcloudglobal.oss-cn-hongkong.aliyuncs.com\/wp-content\/uploads\/tuwei\/2025\/06\/2\u526f\u672c-1536x343.jpg 1536w, https:\/\/ljcloudglobal.oss-cn-hongkong.aliyuncs.com\/wp-content\/uploads\/tuwei\/2025\/06\/2\u526f\u672c-18x4.jpg 18w, https:\/\/ljcloudglobal.oss-cn-hongkong.aliyuncs.com\/wp-content\/uploads\/tuwei\/2025\/06\/2\u526f\u672c.jpg 1732w\" sizes=\"auto, (max-width: 1024px) 100vw, 1024px\" \/><\/figure>\n\n\n\n<p style=\"font-size:18px\"><strong>Toowin\u2122 Premium<\/strong> classe tous les WPC coextrud\u00e9s PE ou nous avons appel\u00e9 le WPC de deuxi\u00e8me g\u00e9n\u00e9ration, dont la technologie est originaire d&#039;Am\u00e9rique du Nord. La principale caract\u00e9ristique technique est qu&#039;il y a une couche protectrice sur les surfaces qui est du poly\u00e9thyl\u00e8ne modifi\u00e9 100%, la couche protectrice rend le WPC des performances in\u00e9gal\u00e9es et une esth\u00e9tique durable, notamment en termes de protection UV, de r\u00e9sistance \u00e0 l&#039;usure, de prolongation de la dur\u00e9e de vie\u2026<\/p>\n\n\n\n<figure class=\"wp-block-image size-large is-resized\"><img loading=\"lazy\" decoding=\"async\" width=\"1024\" height=\"219\" src=\"https:\/\/ljcloudglobal.oss-cn-hongkong.aliyuncs.com\/wp-content\/uploads\/tuwei\/2025\/06\/3\u526f\u672c-1024x219.jpg\" alt=\"fabricant \u00e0 vendre\" class=\"wp-image-2727\" style=\"width:500px;height:undefinedpx\" srcset=\"https:\/\/ljcloudglobal.oss-cn-hongkong.aliyuncs.com\/wp-content\/uploads\/tuwei\/2025\/06\/3\u526f\u672c-1024x219.jpg 1024w, https:\/\/ljcloudglobal.oss-cn-hongkong.aliyuncs.com\/wp-content\/uploads\/tuwei\/2025\/06\/3\u526f\u672c-300x64.jpg 300w, https:\/\/ljcloudglobal.oss-cn-hongkong.aliyuncs.com\/wp-content\/uploads\/tuwei\/2025\/06\/3\u526f\u672c-768x164.jpg 768w, https:\/\/ljcloudglobal.oss-cn-hongkong.aliyuncs.com\/wp-content\/uploads\/tuwei\/2025\/06\/3\u526f\u672c-1536x328.jpg 1536w, https:\/\/ljcloudglobal.oss-cn-hongkong.aliyuncs.com\/wp-content\/uploads\/tuwei\/2025\/06\/3\u526f\u672c-18x4.jpg 18w, https:\/\/ljcloudglobal.oss-cn-hongkong.aliyuncs.com\/wp-content\/uploads\/tuwei\/2025\/06\/3\u526f\u672c.jpg 1736w\" sizes=\"auto, (max-width: 1024px) 100vw, 1024px\" \/><\/figure>\n\n\n\n<p style=\"font-size:18px\"><strong>Toowin\u2122 <\/strong>Le WPC coextrud\u00e9 ASA de luxe est une nouvelle technologie de moussage. Il est compos\u00e9 de deux couches identiques \u00e0 celles du WPC coextrud\u00e9 PE, mais la couche protectrice est en ASA (copolym\u00e8re d&#039;acrylonitrile styr\u00e8ne acrylate). L&#039;ASA offre une meilleure r\u00e9sistance aux intemp\u00e9ries, aux UV, aux temp\u00e9ratures \u00e9lev\u00e9es et basses, \u00e0 la corrosion et aux produits chimiques, ainsi qu&#039;une meilleure r\u00e9sistance \u00e0 l&#039;\u00e9lectricit\u00e9 statique. Ses propri\u00e9t\u00e9s m\u00e9caniques et physiques sont sup\u00e9rieures \u00e0 celles du PE. Gr\u00e2ce aux am\u00e9liorations techniques, ce mat\u00e9riau est utilis\u00e9 dans le WPC pour optimiser les produits. Le mat\u00e9riau principal est compos\u00e9 de PVC, de fibres de bambou et d&#039;autres additifs chimiques. Le WPC utilise la technologie de moussage pour modifier son poids. Il s&#039;agit donc d&#039;une v\u00e9ritable innovation en mati\u00e8re de WPC, qui deviendra sans aucun doute le produit phare du march\u00e9.<\/p>\n\n\n\n<figure class=\"wp-block-image size-large is-resized\"><img loading=\"lazy\" decoding=\"async\" width=\"1024\" height=\"216\" src=\"https:\/\/ljcloudglobal.oss-cn-hongkong.aliyuncs.com\/wp-content\/uploads\/tuwei\/2025\/06\/5\u526f\u672c-1024x216.jpg\" alt=\"fabricant \u00e0 vendre\" class=\"wp-image-2728\" style=\"width:500px;height:undefinedpx\" srcset=\"https:\/\/ljcloudglobal.oss-cn-hongkong.aliyuncs.com\/wp-content\/uploads\/tuwei\/2025\/06\/5\u526f\u672c-1024x216.jpg 1024w, https:\/\/ljcloudglobal.oss-cn-hongkong.aliyuncs.com\/wp-content\/uploads\/tuwei\/2025\/06\/5\u526f\u672c-300x63.jpg 300w, https:\/\/ljcloudglobal.oss-cn-hongkong.aliyuncs.com\/wp-content\/uploads\/tuwei\/2025\/06\/5\u526f\u672c-768x162.jpg 768w, https:\/\/ljcloudglobal.oss-cn-hongkong.aliyuncs.com\/wp-content\/uploads\/tuwei\/2025\/06\/5\u526f\u672c-1536x324.jpg 1536w, https:\/\/ljcloudglobal.oss-cn-hongkong.aliyuncs.com\/wp-content\/uploads\/tuwei\/2025\/06\/5\u526f\u672c-18x4.jpg 18w, https:\/\/ljcloudglobal.oss-cn-hongkong.aliyuncs.com\/wp-content\/uploads\/tuwei\/2025\/06\/5\u526f\u672c.jpg 1742w\" sizes=\"auto, (max-width: 1024px) 100vw, 1024px\" \/><\/figure>\n\n\n\n<p style=\"font-size:18px\"><strong>Toowin\u2122 Alu-top<\/strong> Classification de tous les produits composites aluminium-plastique (WPC). Gr\u00e2ce \u00e0 un d\u00e9veloppement de longue dur\u00e9e, \u00e0 des avanc\u00e9es technologiques et \u00e0 une am\u00e9lioration continue de la qualit\u00e9, les produits WPC sont devenus des substituts \u00e0 de nombreux mat\u00e9riaux et sont plus respectueux de l&#039;environnement. Cependant, le WPC pr\u00e9sente un inconv\u00e9nient\u00a0: il ne peut pas \u00eatre utilis\u00e9 comme structure principale, principalement parce que des mat\u00e9riaux comme la poudre de bois sont li\u00e9s et form\u00e9s \u00e0 travers le plastique. Le WPC n&#039;offre donc pas la m\u00eame capacit\u00e9 de charge que les mat\u00e9riaux naturels. Apr\u00e8s des recherches approfondies de l&#039;\u00e9quipe R&amp;D, nous avons finalement combin\u00e9 le WPC \u00e0 des produits en aluminium. Ce mat\u00e9riau conserve non seulement l&#039;aspect bois\u00e9 des WPC d&#039;origine, mais offre \u00e9galement une structure m\u00e9tallique parfaitement \u00e9quilibr\u00e9e. Une invention ing\u00e9nieuse.<\/p>\n\n\n\n<figure class=\"wp-block-image size-large is-resized\"><img loading=\"lazy\" decoding=\"async\" width=\"1024\" height=\"226\" src=\"https:\/\/ljcloudglobal.oss-cn-hongkong.aliyuncs.com\/wp-content\/uploads\/tuwei\/2025\/06\/QQ22-1024x226.jpg\" alt=\"fabricant \u00e0 vendre\" class=\"wp-image-2729\" style=\"width:500px;height:undefinedpx\" srcset=\"https:\/\/ljcloudglobal.oss-cn-hongkong.aliyuncs.com\/wp-content\/uploads\/tuwei\/2025\/06\/QQ22-1024x226.jpg 1024w, https:\/\/ljcloudglobal.oss-cn-hongkong.aliyuncs.com\/wp-content\/uploads\/tuwei\/2025\/06\/QQ22-300x66.jpg 300w, https:\/\/ljcloudglobal.oss-cn-hongkong.aliyuncs.com\/wp-content\/uploads\/tuwei\/2025\/06\/QQ22-768x169.jpg 768w, https:\/\/ljcloudglobal.oss-cn-hongkong.aliyuncs.com\/wp-content\/uploads\/tuwei\/2025\/06\/QQ22-1536x339.jpg 1536w, https:\/\/ljcloudglobal.oss-cn-hongkong.aliyuncs.com\/wp-content\/uploads\/tuwei\/2025\/06\/QQ22-18x4.jpg 18w, https:\/\/ljcloudglobal.oss-cn-hongkong.aliyuncs.com\/wp-content\/uploads\/tuwei\/2025\/06\/QQ22.jpg 1745w\" sizes=\"auto, (max-width: 1024px) 100vw, 1024px\" \/><\/figure>\n\n\n\n<p style=\"font-size:18px\"><strong>Toowin\u2122Pro<\/strong> Nous classons tous les produits promotionnels de TOOWIN. Notre objectif principal est de r\u00e9pondre aux besoins de certains clients ou de march\u00e9s sp\u00e9cifiques. Nous s\u00e9lectionnons certains produits en collaboration avec le service technique et le service des achats de l&#039;entreprise pour les promouvoir. Ces produits peuvent \u00eatre affect\u00e9s par le march\u00e9, le taux de change, les mati\u00e8res premi\u00e8res, les quantit\u00e9s d&#039;approvisionnement, les saisons, etc. Veuillez donc consulter les informations de l&#039;entreprise ou contacter le responsable des ventes pour plus d&#039;informations.<\/p>\n\n\n\n<p style=\"font-size:18px\"><\/p>\n\n\n\n<p style=\"font-size:18px\">En un mot, nous classons toutes les diff\u00e9rentes marques pour rendre l&#039;achat plus clair et plus facile, et vous montrons que nous avons diff\u00e9rentes gammes de produits WPC compoiste, nous pensons qu&#039;il y a un de nos produits qui correspond \u00e0 vos demandes. <\/p>\n\n\n\n<p><\/p>","protected":false},"excerpt":{"rendered":"<p>Toowin New Material est une entreprise de haute technologie sp\u00e9cialis\u00e9e dans la fourniture de terrasses, cl\u00f4tures, balustrades, panneaux muraux, dalles, bancs et chaises de jardin, pergolas et autres produits d&#039;am\u00e9nagement paysager en composite bois-plastique (WPC) pour l&#039;ext\u00e9rieur. Elle poss\u00e8de une filiale, Junatechwood, sp\u00e9cialis\u00e9e dans les produits d&#039;int\u00e9rieur. Au fil des ans, gr\u00e2ce \u00e0 une exp\u00e9rience continue et \u00e0 une coop\u00e9ration avec [\u2026]<\/p>","protected":false},"author":1,"featured_media":1587,"parent":0,"menu_order":0,"comment_status":"closed","ping_status":"closed","template":"page\/brand.php","meta":{"footnotes":""},"class_list":["post-646","page","type-page","status-publish","has-post-thumbnail","hentry"],"_links":{"self":[{"href":"https:\/\/www.toowin-wpc.com\/fr\/wp-json\/wp\/v2\/pages\/646","targetHints":{"allow":["GET"]}}],"collection":[{"href":"https:\/\/www.toowin-wpc.com\/fr\/wp-json\/wp\/v2\/pages"}],"about":[{"href":"https:\/\/www.toowin-wpc.com\/fr\/wp-json\/wp\/v2\/types\/page"}],"author":[{"embeddable":true,"href":"https:\/\/www.toowin-wpc.com\/fr\/wp-json\/wp\/v2\/users\/1"}],"replies":[{"embeddable":true,"href":"https:\/\/www.toowin-wpc.com\/fr\/wp-json\/wp\/v2\/comments?post=646"}],"version-history":[{"count":33,"href":"https:\/\/www.toowin-wpc.com\/fr\/wp-json\/wp\/v2\/pages\/646\/revisions"}],"predecessor-version":[{"id":2997,"href":"https:\/\/www.toowin-wpc.com\/fr\/wp-json\/wp\/v2\/pages\/646\/revisions\/2997"}],"wp:featuredmedia":[{"embeddable":true,"href":"https:\/\/www.toowin-wpc.com\/fr\/wp-json\/wp\/v2\/media\/1587"}],"wp:attachment":[{"href":"https:\/\/www.toowin-wpc.com\/fr\/wp-json\/wp\/v2\/media?parent=646"}],"curies":[{"name":"wp","href":"https:\/\/api.w.org\/{rel}","templated":true}]}}